{"id":44,"date":"2025-03-20T22:08:40","date_gmt":"2025-03-20T22:08:40","guid":{"rendered":"https:\/\/nabogar.org\/?page_id=44"},"modified":"2025-03-22T18:54:48","modified_gmt":"2025-03-22T18:54:48","slug":"situacion","status":"publish","type":"page","link":"https:\/\/nabogar.org\/index.php\/situacion\/","title":{"rendered":"Situaci\u00f3n"},"content":{"rendered":"<p style=\"text-align: justify;\"><img loading=\"lazy\" decoding=\"async\" class=\"alignleft size-full wp-image-43\" src=\"https:\/\/nabogar.org\/wp-content\/uploads\/2025\/03\/08-nabogar-e1742508825944.jpg\" alt=\"\" width=\"250\" height=\"170\" \/>En el coraz\u00f3n del impresionante Geoparque de Granada, rodeado de monta\u00f1as, valles y la serenidad de la naturaleza m\u00e1s pura, se encuentra el Cortijo del Nabogar, un enclave \u00fanico que combina historia, tradici\u00f3n y un prop\u00f3sito renovado.<br \/>\nSituado cerca del emblem\u00e1tico Collado de la Plata y el Cortijo del Robledal, este refugio rural es el lugar perfecto para reconectar con lo esencial.<\/p>\n<p style=\"text-align: justify;\">Esta antigua caseta de los guardas forestales, ubicada en el municipio de La Peza, ha sido cuidadosamente restaurada y equipada para convertirse en un espacio id\u00edlico destinado a actividades al aire libre y formaci\u00f3n en plena naturaleza.<\/p>\n<p class=\"\" style=\"text-align: justify;\" data-start=\"40\" data-end=\"197\"><span class=\"relative -mx-px my-[-0.2rem] rounded px-px py-[0.2rem]\">El Cortijo del Nabogar, tambi\u00e9n conocido como Casa Forestal del Nabogar, es una antigua casa forestal situada en La Peza, en la provincia de Granada, Andaluc\u00eda.<\/span> <span class=\"relative -mx-px my-[-0.2rem] rounded px-px py-[0.2rem]\">Esta edificaci\u00f3n se encuentra en la falda del Monte Rosado, frente a la cara norte de Sierra Nevada, en una zona que form\u00f3 parte de un antiguo castro romano.<\/span><\/p>\n<p class=\"\" style=\"text-align: justify;\" data-start=\"199\" data-end=\"356\"><span class=\"relative -mx-px my-[-0.2rem] rounded px-px py-[0.2rem]\">La casa est\u00e1 ubicada cerca del collado de la Plata y del Cortijo del Robledal, en un entorno natural que forma parte del Geoparque de Granada, reconocido por la UNESCO por su riqueza geol\u00f3gica y paisaj\u00edstica.<\/span> <span class=\"relative -mx-px my-[-0.2rem] rounded px-px py-[0.2rem]\">La zona es ideal para la pr\u00e1ctica del senderismo, ofreciendo rutas que parten desde el pueblo de La Peza y ascienden hasta la Casa Forestal del Nabogar.<\/span> \u200b<\/p>\n<p class=\"\" style=\"text-align: justify;\" data-start=\"358\" data-end=\"521\"><span class=\"relative -mx-px my-[-0.2rem] rounded px-px py-[0.2rem]\">El acceso al Cortijo del Nabogar es sencillo, ya que se puede llegar tanto a pie como en coche a trav\u00e9s de un camino forestal.<\/span> <span class=\"relative -mx-px my-[-0.2rem] rounded px-px py-[0.2rem]\">La casa ha sido restaurada recientemente, manteniendo su arquitectura tradicional y ofreciendo un punto de inter\u00e9s tanto para visitantes como para amantes de la naturaleza.<\/span><\/p>\n<p class=\"\" style=\"text-align: justify;\" data-start=\"523\" data-end=\"608\"><span class=\"relative -mx-px my-[-0.2rem] rounded px-px py-[0.2rem]\">En resumen, el Cortijo del Nabogar en La Peza es un lugar de inter\u00e9s tanto por su valor arquitect\u00f3nico como por su entorno natural, ofreciendo oportunidades para actividades al aire libre y el disfrute de paisajes \u00fanicos.<\/span>Gracias al esfuerzo conjunto de la Asociaci\u00f3n Granadina de Amigos del Escultismo (AGAE-AISG Granada) y el Ayuntamiento de La Peza, este proyecto ha cobrado vida con el objetivo de ofrecer a grupos scouts, asociaciones juveniles y entidades sin \u00e1nimo de lucro un entorno privilegiado para desarrollar actividades recreativas, educativas y formativas. El Cortijo del Nabogar no solo es un espacio f\u00edsico, sino tambi\u00e9n un s\u00edmbolo del compromiso con la educaci\u00f3n ambiental, la sostenibilidad y la promoci\u00f3n de valores como el liderazgo, el trabajo en equipo y el respeto por el medio ambiente. Ubicado en un entorno natural incomparable, este centro se erige como una puerta abierta a infinitas posibilidades: desde rutas de senderismo por paisajes espectaculares hasta talleres de formaci\u00f3n en educaci\u00f3n ambiental o din\u00e1micas grupales al aire libre. Con vistas panor\u00e1micas a Sierra Nevada y la tranquilidad que solo la naturaleza puede ofrecer, el Cortijo del Nabogar invita a vivir experiencias \u00fanicas que inspiran, conectan y transforman. Es mucho m\u00e1s que un lugar; es una oportunidad para aprender, compartir y crecer rodeado del entorno m\u00e1s bello que Granada puede ofrecer.<\/p>\n","protected":false},"excerpt":{"rendered":"<p>En el coraz\u00f3n del impresionante Geoparque de Granada, rodeado de monta\u00f1as, valles y la serenidad de la naturaleza m\u00e1s pura, se encuentra el Cortijo del Nabogar, un enclave \u00fanico que combina historia, tradici\u00f3n y un prop\u00f3sito renovado. Situado cerca del emblem\u00e1tico Collado de la Plata y el Cortijo del Robledal,&#8230; <a class=\"continue-reading-link\" href=\"https:\/\/nabogar.org\/index.php\/situacion\/\">Continuar<\/a><\/p>\n","protected":false},"author":1,"featured_media":0,"parent":0,"menu_order":0,"comment_status":"closed","ping_status":"closed","template":"","meta":{"footnotes":""},"class_list":["post-44","page","type-page","status-publish","hentry"],"_links":{"self":[{"href":"https:\/\/nabogar.org\/index.php\/wp-json\/wp\/v2\/pages\/44","targetHints":{"allow":["GET"]}}],"collection":[{"href":"https:\/\/nabogar.org\/index.php\/wp-json\/wp\/v2\/pages"}],"about":[{"href":"https:\/\/nabogar.org\/index.php\/wp-json\/wp\/v2\/types\/page"}],"author":[{"embeddable":true,"href":"https:\/\/nabogar.org\/index.php\/wp-json\/wp\/v2\/users\/1"}],"replies":[{"embeddable":true,"href":"https:\/\/nabogar.org\/index.php\/wp-json\/wp\/v2\/comments?post=44"}],"version-history":[{"count":4,"href":"https:\/\/nabogar.org\/index.php\/wp-json\/wp\/v2\/pages\/44\/revisions"}],"predecessor-version":[{"id":90,"href":"https:\/\/nabogar.org\/index.php\/wp-json\/wp\/v2\/pages\/44\/revisions\/90"}],"wp:attachment":[{"href":"https:\/\/nabogar.org\/index.php\/wp-json\/wp\/v2\/media?parent=44"}],"curies":[{"name":"wp","href":"https:\/\/api.w.org\/{rel}","templated":true}]}}